{"id":110033,"date":"2025-09-30T18:24:03","date_gmt":"2025-09-30T16:24:03","guid":{"rendered":"https:\/\/dianasilver.hu\/termek\/silbernes-fusskettchen-mit-herzfoermigem-zirkoniastein\/"},"modified":"2026-01-16T17:00:16","modified_gmt":"2026-01-16T16:00:16","slug":"silbernes-fusskettchen-mit-herzfoermigem-zirkoniastein","status":"publish","type":"product","link":"https:\/\/dianasilver.com\/de\/termek\/silbernes-fusskettchen-mit-herzfoermigem-zirkoniastein\/","title":{"rendered":"Silbernes Fu\u00dfkettchen mit herzf\u00f6rmigem Zirkoniastein"},"content":{"rendered":"<p data-start=\"395\" data-end=\"483\"><strong data-start=\"395\" data-end=\"481\">Silbernes Fu\u00dfkettchen mit herzf\u00f6rmigem Zirkoniastein &#8211; Romantik und Glamour bei jedem Schritt<\/strong><\/p>\n<ul data-start=\"485\" data-end=\"861\">\n<li data-start=\"485\" data-end=\"573\">\n<p data-start=\"487\" data-end=\"573\">Hergestellt <strong data-start=\"487\" data-end=\"506\">aus 925er Sterlingsilber<\/strong> mit Rhodiumbeschichtung f\u00fcr lang anhaltenden Glanz und Funkeln.<\/p>\n<\/li>\n<li data-start=\"574\" data-end=\"682\">\n<p data-start=\"576\" data-end=\"682\"><strong data-start=\"596\" data-end=\"622\">Herzf\u00f6rmiger Zirkoniastein<\/strong> in der Mitte, ein Symbol f\u00fcr Liebe, Z\u00e4rtlichkeit und Weiblichkeit.<\/p>\n<\/li>\n<li data-start=\"683\" data-end=\"774\">\n<p data-start=\"685\" data-end=\"774\">Die feine, verstellbare Kette misst <strong data-start=\"717\" data-end=\"728\">24+4 cm<\/strong>, so dass sie perfekt an jeden Kn\u00f6chel passt.<\/p>\n<\/li>\n<li data-start=\"775\" data-end=\"861\">\n<p data-start=\"777\" data-end=\"861\">Ein leichtes, romantisches Kleidungsst\u00fcck, das Alltags- und Sommeroutfits aufpeppt.<\/p>\n<\/li>\n<\/ul>\n<p data-start=\"863\" data-end=\"995\">Perfekt als Geschenk, denn die Herzform vermittelt immer eine Botschaft der Emotion, der Liebe und einer besonderen Verbundenheit \ud83d\udc9d.<\/p>\n","protected":false},"excerpt":{"rendered":"<p>Zartes und feminines Fu\u00dfkettchen mit einem funkelnden herzf\u00f6rmigen Zirkonia in der Mitte. Eine perfekte Harmonie aus schlichter Eleganz und romantischen Details, die jeden Ihrer Schritte in ein besonderes Licht tauchen werden. \u2728\u2764\ufe0f<\/p>\n","protected":false},"featured_media":109709,"template":"","meta":{"_acf_changed":false},"product_brand":[],"product_cat":[569],"product_tag":[527,645],"class_list":{"0":"post-110033","1":"product","2":"type-product","3":"status-publish","4":"has-post-thumbnail","6":"product_cat-silbernes-fusskettchen","7":"product_tag-silberschmuck-fur-damen","8":"product_tag-groshandel","9":"description-off","11":"first","12":"instock","13":"taxable","14":"shipping-taxable","15":"purchasable","16":"product-type-simple"},"acf":[],"yoast_head":"<!-- This site is optimized with the Yoast SEO plugin v27.4 - https:\/\/yoast.com\/product\/yoast-seo-wordpress\/ -->\n<title>Silbernes Fu\u00dfkettchen mit herzf\u00f6rmigem Zirkoniastein | Diana Silver<\/title>\n<meta name=\"description\" content=\"Fedezd fel a leny\u0171g\u00f6z\u0151 Silbernes Fu\u00dfkettchen mit herzf\u00f6rmigem Zirkoniastein \u00e9kszer\u00fcnket. T\u00f6k\u00e9letes kieg\u00e9sz\u00edt\u0151 mindennapi viselethez \u00e9s k\u00fcl\u00f6nleges alkalmakra egyar\u00e1nt. Rendeld meg most!\" \/>\n<meta name=\"robots\" content=\"index, follow, max-snippet:-1, max-image-preview:large, max-video-preview:-1\" \/>\n<link rel=\"canonical\" href=\"https:\/\/dianasilver.com\/de\/termek\/silbernes-fusskettchen-mit-herzfoermigem-zirkoniastein\/\" \/>\n<meta property=\"og:locale\" content=\"de_DE\" \/>\n<meta property=\"og:type\" content=\"article\" \/>\n<meta property=\"og:title\" content=\"Silbernes Fu\u00dfkettchen mit herzf\u00f6rmigem Zirkoniastein | Diana Silver\" \/>\n<meta property=\"og:description\" content=\"Fedezd fel a leny\u0171g\u00f6z\u0151 Silbernes Fu\u00dfkettchen mit herzf\u00f6rmigem Zirkoniastein \u00e9kszer\u00fcnket. T\u00f6k\u00e9letes kieg\u00e9sz\u00edt\u0151 mindennapi viselethez \u00e9s k\u00fcl\u00f6nleges alkalmakra egyar\u00e1nt. Rendeld meg most!\" \/>\n<meta property=\"og:url\" content=\"https:\/\/dianasilver.com\/de\/termek\/silbernes-fusskettchen-mit-herzfoermigem-zirkoniastein\/\" \/>\n<meta property=\"og:site_name\" content=\"Diana Silver\" \/>\n<meta property=\"article:publisher\" content=\"https:\/\/www.facebook.com\/profile.php?id=100027231325117\" \/>\n<meta property=\"article:modified_time\" content=\"2026-01-16T16:00:16+00:00\" \/>\n<meta property=\"og:image\" content=\"https:\/\/dianasilver.com\/wp-content\/uploads\/2025\/09\/Sziv-alaku-cirkonia-koves-bokalanc_1.jpg\" \/>\n\t<meta property=\"og:image:width\" content=\"1340\" \/>\n\t<meta property=\"og:image:height\" content=\"1785\" \/>\n\t<meta property=\"og:image:type\" content=\"image\/jpeg\" \/>\n<meta name=\"twitter:card\" content=\"summary_large_image\" \/>\n<script type=\"application\/ld+json\" class=\"yoast-schema-graph\">{\"@context\":\"https:\\\/\\\/schema.org\",\"@graph\":[{\"@type\":\"WebPage\",\"@id\":\"https:\\\/\\\/dianasilver.com\\\/de\\\/termek\\\/silbernes-fusskettchen-mit-herzfoermigem-zirkoniastein\\\/\",\"url\":\"https:\\\/\\\/dianasilver.com\\\/de\\\/termek\\\/silbernes-fusskettchen-mit-herzfoermigem-zirkoniastein\\\/\",\"name\":\"Silbernes Fu\u00dfkettchen mit herzf\u00f6rmigem Zirkoniastein | Diana Silver\",\"isPartOf\":{\"@id\":\"https:\\\/\\\/dianasilver.com\\\/de\\\/#website\"},\"primaryImageOfPage\":{\"@id\":\"https:\\\/\\\/dianasilver.com\\\/de\\\/termek\\\/silbernes-fusskettchen-mit-herzfoermigem-zirkoniastein\\\/#primaryimage\"},\"image\":{\"@id\":\"https:\\\/\\\/dianasilver.com\\\/de\\\/termek\\\/silbernes-fusskettchen-mit-herzfoermigem-zirkoniastein\\\/#primaryimage\"},\"thumbnailUrl\":\"https:\\\/\\\/dianasilver.com\\\/wp-content\\\/uploads\\\/2025\\\/09\\\/Sziv-alaku-cirkonia-koves-bokalanc_1.jpg\",\"datePublished\":\"2025-09-30T16:24:03+00:00\",\"dateModified\":\"2026-01-16T16:00:16+00:00\",\"description\":\"Fedezd fel a leny\u0171g\u00f6z\u0151 Silbernes Fu\u00dfkettchen mit herzf\u00f6rmigem Zirkoniastein \u00e9kszer\u00fcnket. T\u00f6k\u00e9letes kieg\u00e9sz\u00edt\u0151 mindennapi viselethez \u00e9s k\u00fcl\u00f6nleges alkalmakra egyar\u00e1nt. Rendeld meg most!\",\"breadcrumb\":{\"@id\":\"https:\\\/\\\/dianasilver.com\\\/de\\\/termek\\\/silbernes-fusskettchen-mit-herzfoermigem-zirkoniastein\\\/#breadcrumb\"},\"inLanguage\":\"de\",\"potentialAction\":[{\"@type\":\"ReadAction\",\"target\":[\"https:\\\/\\\/dianasilver.com\\\/de\\\/termek\\\/silbernes-fusskettchen-mit-herzfoermigem-zirkoniastein\\\/\"]}]},{\"@type\":\"ImageObject\",\"inLanguage\":\"de\",\"@id\":\"https:\\\/\\\/dianasilver.com\\\/de\\\/termek\\\/silbernes-fusskettchen-mit-herzfoermigem-zirkoniastein\\\/#primaryimage\",\"url\":\"https:\\\/\\\/dianasilver.com\\\/wp-content\\\/uploads\\\/2025\\\/09\\\/Sziv-alaku-cirkonia-koves-bokalanc_1.jpg\",\"contentUrl\":\"https:\\\/\\\/dianasilver.com\\\/wp-content\\\/uploads\\\/2025\\\/09\\\/Sziv-alaku-cirkonia-koves-bokalanc_1.jpg\",\"width\":1340,\"height\":1785},{\"@type\":\"BreadcrumbList\",\"@id\":\"https:\\\/\\\/dianasilver.com\\\/de\\\/termek\\\/silbernes-fusskettchen-mit-herzfoermigem-zirkoniastein\\\/#breadcrumb\",\"itemListElement\":[{\"@type\":\"ListItem\",\"position\":1,\"name\":\"Kezd\u0151lap\",\"item\":\"https:\\\/\\\/dianasilver.com\\\/de\\\/diana-silver-silberschmuck-webshop\\\/\"},{\"@type\":\"ListItem\",\"position\":2,\"name\":\"Shop\",\"item\":\"https:\\\/\\\/dianasilver.com\\\/de\\\/shop\\\/\"},{\"@type\":\"ListItem\",\"position\":3,\"name\":\"Silbernes Fu\u00dfkettchen mit herzf\u00f6rmigem Zirkoniastein\"}]},{\"@type\":\"WebSite\",\"@id\":\"https:\\\/\\\/dianasilver.com\\\/de\\\/#website\",\"url\":\"https:\\\/\\\/dianasilver.com\\\/de\\\/\",\"name\":\"Diana Silver\",\"description\":\"Tedd t\u00f6k\u00e9letesebb\u00e9 mindennapjaid a Diana Silver \u00e9kszereivel.\",\"publisher\":{\"@id\":\"https:\\\/\\\/dianasilver.com\\\/de\\\/#organization\"},\"alternateName\":\"Ez\u00fcst \u00c9kszer Web\u00e1ruh\u00e1z\",\"potentialAction\":[{\"@type\":\"SearchAction\",\"target\":{\"@type\":\"EntryPoint\",\"urlTemplate\":\"https:\\\/\\\/dianasilver.com\\\/de\\\/?s={search_term_string}\"},\"query-input\":{\"@type\":\"PropertyValueSpecification\",\"valueRequired\":true,\"valueName\":\"search_term_string\"}}],\"inLanguage\":\"de\"},{\"@type\":\"Organization\",\"@id\":\"https:\\\/\\\/dianasilver.com\\\/de\\\/#organization\",\"name\":\"Diana Silver\",\"url\":\"https:\\\/\\\/dianasilver.com\\\/de\\\/\",\"logo\":{\"@type\":\"ImageObject\",\"inLanguage\":\"de\",\"@id\":\"https:\\\/\\\/dianasilver.com\\\/de\\\/#\\\/schema\\\/logo\\\/image\\\/\",\"url\":\"https:\\\/\\\/dianasilver.com\\\/wp-content\\\/uploads\\\/2022\\\/08\\\/ezust-feher-1-koves-buttonos-stekkeres-fulbevalo-42.webp\",\"contentUrl\":\"https:\\\/\\\/dianasilver.com\\\/wp-content\\\/uploads\\\/2022\\\/08\\\/ezust-feher-1-koves-buttonos-stekkeres-fulbevalo-42.webp\",\"width\":300,\"height\":154,\"caption\":\"Diana Silver\"},\"image\":{\"@id\":\"https:\\\/\\\/dianasilver.com\\\/de\\\/#\\\/schema\\\/logo\\\/image\\\/\"},\"sameAs\":[\"https:\\\/\\\/www.facebook.com\\\/profile.php?id=100027231325117\"]}]}<\/script>\n<!-- \/ Yoast SEO plugin. -->","yoast_head_json":{"title":"Silbernes Fu\u00dfkettchen mit herzf\u00f6rmigem Zirkoniastein | Diana Silver","description":"Fedezd fel a leny\u0171g\u00f6z\u0151 Silbernes Fu\u00dfkettchen mit herzf\u00f6rmigem Zirkoniastein \u00e9kszer\u00fcnket. T\u00f6k\u00e9letes kieg\u00e9sz\u00edt\u0151 mindennapi viselethez \u00e9s k\u00fcl\u00f6nleges alkalmakra egyar\u00e1nt. Rendeld meg most!","robots":{"index":"index","follow":"follow","max-snippet":"max-snippet:-1","max-image-preview":"max-image-preview:large","max-video-preview":"max-video-preview:-1"},"canonical":"https:\/\/dianasilver.com\/de\/termek\/silbernes-fusskettchen-mit-herzfoermigem-zirkoniastein\/","og_locale":"de_DE","og_type":"article","og_title":"Silbernes Fu\u00dfkettchen mit herzf\u00f6rmigem Zirkoniastein | Diana Silver","og_description":"Fedezd fel a leny\u0171g\u00f6z\u0151 Silbernes Fu\u00dfkettchen mit herzf\u00f6rmigem Zirkoniastein \u00e9kszer\u00fcnket. T\u00f6k\u00e9letes kieg\u00e9sz\u00edt\u0151 mindennapi viselethez \u00e9s k\u00fcl\u00f6nleges alkalmakra egyar\u00e1nt. Rendeld meg most!","og_url":"https:\/\/dianasilver.com\/de\/termek\/silbernes-fusskettchen-mit-herzfoermigem-zirkoniastein\/","og_site_name":"Diana Silver","article_publisher":"https:\/\/www.facebook.com\/profile.php?id=100027231325117","article_modified_time":"2026-01-16T16:00:16+00:00","og_image":[{"width":1340,"height":1785,"url":"https:\/\/dianasilver.com\/wp-content\/uploads\/2025\/09\/Sziv-alaku-cirkonia-koves-bokalanc_1.jpg","type":"image\/jpeg"}],"twitter_card":"summary_large_image","schema":{"@context":"https:\/\/schema.org","@graph":[{"@type":"WebPage","@id":"https:\/\/dianasilver.com\/de\/termek\/silbernes-fusskettchen-mit-herzfoermigem-zirkoniastein\/","url":"https:\/\/dianasilver.com\/de\/termek\/silbernes-fusskettchen-mit-herzfoermigem-zirkoniastein\/","name":"Silbernes Fu\u00dfkettchen mit herzf\u00f6rmigem Zirkoniastein | Diana Silver","isPartOf":{"@id":"https:\/\/dianasilver.com\/de\/#website"},"primaryImageOfPage":{"@id":"https:\/\/dianasilver.com\/de\/termek\/silbernes-fusskettchen-mit-herzfoermigem-zirkoniastein\/#primaryimage"},"image":{"@id":"https:\/\/dianasilver.com\/de\/termek\/silbernes-fusskettchen-mit-herzfoermigem-zirkoniastein\/#primaryimage"},"thumbnailUrl":"https:\/\/dianasilver.com\/wp-content\/uploads\/2025\/09\/Sziv-alaku-cirkonia-koves-bokalanc_1.jpg","datePublished":"2025-09-30T16:24:03+00:00","dateModified":"2026-01-16T16:00:16+00:00","description":"Fedezd fel a leny\u0171g\u00f6z\u0151 Silbernes Fu\u00dfkettchen mit herzf\u00f6rmigem Zirkoniastein \u00e9kszer\u00fcnket. T\u00f6k\u00e9letes kieg\u00e9sz\u00edt\u0151 mindennapi viselethez \u00e9s k\u00fcl\u00f6nleges alkalmakra egyar\u00e1nt. Rendeld meg most!","breadcrumb":{"@id":"https:\/\/dianasilver.com\/de\/termek\/silbernes-fusskettchen-mit-herzfoermigem-zirkoniastein\/#breadcrumb"},"inLanguage":"de","potentialAction":[{"@type":"ReadAction","target":["https:\/\/dianasilver.com\/de\/termek\/silbernes-fusskettchen-mit-herzfoermigem-zirkoniastein\/"]}]},{"@type":"ImageObject","inLanguage":"de","@id":"https:\/\/dianasilver.com\/de\/termek\/silbernes-fusskettchen-mit-herzfoermigem-zirkoniastein\/#primaryimage","url":"https:\/\/dianasilver.com\/wp-content\/uploads\/2025\/09\/Sziv-alaku-cirkonia-koves-bokalanc_1.jpg","contentUrl":"https:\/\/dianasilver.com\/wp-content\/uploads\/2025\/09\/Sziv-alaku-cirkonia-koves-bokalanc_1.jpg","width":1340,"height":1785},{"@type":"BreadcrumbList","@id":"https:\/\/dianasilver.com\/de\/termek\/silbernes-fusskettchen-mit-herzfoermigem-zirkoniastein\/#breadcrumb","itemListElement":[{"@type":"ListItem","position":1,"name":"Kezd\u0151lap","item":"https:\/\/dianasilver.com\/de\/diana-silver-silberschmuck-webshop\/"},{"@type":"ListItem","position":2,"name":"Shop","item":"https:\/\/dianasilver.com\/de\/shop\/"},{"@type":"ListItem","position":3,"name":"Silbernes Fu\u00dfkettchen mit herzf\u00f6rmigem Zirkoniastein"}]},{"@type":"WebSite","@id":"https:\/\/dianasilver.com\/de\/#website","url":"https:\/\/dianasilver.com\/de\/","name":"Diana Silver","description":"Tedd t\u00f6k\u00e9letesebb\u00e9 mindennapjaid a Diana Silver \u00e9kszereivel.","publisher":{"@id":"https:\/\/dianasilver.com\/de\/#organization"},"alternateName":"Ez\u00fcst \u00c9kszer Web\u00e1ruh\u00e1z","potentialAction":[{"@type":"SearchAction","target":{"@type":"EntryPoint","urlTemplate":"https:\/\/dianasilver.com\/de\/?s={search_term_string}"},"query-input":{"@type":"PropertyValueSpecification","valueRequired":true,"valueName":"search_term_string"}}],"inLanguage":"de"},{"@type":"Organization","@id":"https:\/\/dianasilver.com\/de\/#organization","name":"Diana Silver","url":"https:\/\/dianasilver.com\/de\/","logo":{"@type":"ImageObject","inLanguage":"de","@id":"https:\/\/dianasilver.com\/de\/#\/schema\/logo\/image\/","url":"https:\/\/dianasilver.com\/wp-content\/uploads\/2022\/08\/ezust-feher-1-koves-buttonos-stekkeres-fulbevalo-42.webp","contentUrl":"https:\/\/dianasilver.com\/wp-content\/uploads\/2022\/08\/ezust-feher-1-koves-buttonos-stekkeres-fulbevalo-42.webp","width":300,"height":154,"caption":"Diana Silver"},"image":{"@id":"https:\/\/dianasilver.com\/de\/#\/schema\/logo\/image\/"},"sameAs":["https:\/\/www.facebook.com\/profile.php?id=100027231325117"]}]}},"_links":{"self":[{"href":"https:\/\/dianasilver.com\/de\/wp-json\/wp\/v2\/product\/110033","targetHints":{"allow":["GET"]}}],"collection":[{"href":"https:\/\/dianasilver.com\/de\/wp-json\/wp\/v2\/product"}],"about":[{"href":"https:\/\/dianasilver.com\/de\/wp-json\/wp\/v2\/types\/product"}],"version-history":[{"count":0,"href":"https:\/\/dianasilver.com\/de\/wp-json\/wp\/v2\/product\/110033\/revisions"}],"wp:featuredmedia":[{"embeddable":true,"href":"https:\/\/dianasilver.com\/de\/wp-json\/wp\/v2\/media\/109709"}],"wp:attachment":[{"href":"https:\/\/dianasilver.com\/de\/wp-json\/wp\/v2\/media?parent=110033"}],"wp:term":[{"taxonomy":"product_brand","embeddable":true,"href":"https:\/\/dianasilver.com\/de\/wp-json\/wp\/v2\/product_brand?post=110033"},{"taxonomy":"product_cat","embeddable":true,"href":"https:\/\/dianasilver.com\/de\/wp-json\/wp\/v2\/product_cat?post=110033"},{"taxonomy":"product_tag","embeddable":true,"href":"https:\/\/dianasilver.com\/de\/wp-json\/wp\/v2\/product_tag?post=110033"}],"curies":[{"name":"wp","href":"https:\/\/api.w.org\/{rel}","templated":true}]}}