{"id":102972,"date":"2025-03-13T19:53:27","date_gmt":"2025-03-13T18:53:27","guid":{"rendered":"https:\/\/dianasilver.hu\/termek\/silbernes-schmuckset-mit-weissen-steinen-zum-aufhaengen\/"},"modified":"2026-01-16T17:20:15","modified_gmt":"2026-01-16T16:20:15","slug":"silbernes-schmuckset-mit-weissen-steinen-zum-aufhaengen","status":"publish","type":"product","link":"https:\/\/dianasilver.com\/de\/termek\/silbernes-schmuckset-mit-weissen-steinen-zum-aufhaengen\/","title":{"rendered":"Silbernes Schmuckset mit wei\u00dfen Steinen zum Aufh\u00e4ngen"},"content":{"rendered":"<h2 data-start=\"0\" data-end=\"80\"><strong data-start=\"3\" data-end=\"78\">Silberner Anh\u00e4nger mit wei\u00dfem Stein &#8211; raffinierter Glamour und Eleganz<\/strong><\/h2>\n<p data-start=\"82\" data-end=\"556\">Dieses <strong data-start=\"88\" data-end=\"127\">silberne H\u00e4ngeschmuck-Set mit wei\u00dfen Steinen<\/strong> ist die perfekte Wahl f\u00fcr alle, die schlichten und dennoch auff\u00e4lligen Schmuck lieben. <strong data-start=\"218\" data-end=\"264\">Es ist aus 925er Sterlingsilber gefertigt und mit einer Rhodiumbeschichtung versehen<\/strong>, die f\u00fcr einen lang anhaltenden Glanz und Schutz vor Anlaufen sorgt. Die <strong data-start=\"348\" data-end=\"412\">baumelnden Ohrringe und der schimmernde Anh\u00e4nger sind perfekt aufeinander abgestimmt<\/strong> und machen dieses Set zu einer stilvollen Erg\u00e4nzung f\u00fcr jedes Outfit. Das subtile Funkeln der wei\u00dfen Steine unterstreicht die Weiblichkeit und den raffinierten Stil der Tr\u00e4gerin.<\/p>\n<h3 data-start=\"558\" data-end=\"605\">\u2728 <strong data-start=\"564\" data-end=\"603\">Was ist so besonders an diesem Schmuckset?<\/strong><\/h3>\n<ul data-start=\"606\" data-end=\"877\">\n<li data-start=\"606\" data-end=\"694\">Klares und zeitloses Design &#8211; Klassische Eleganz, die zu jeder Gelegenheit passt.<\/li>\n<li data-start=\"695\" data-end=\"793\">Das Funkeln der wei\u00dfen Steine &#8211; Subtile und doch auff\u00e4llige Details, die die Sch\u00f6nheit des Schmucks unterstreichen.<\/li>\n<li data-start=\"794\" data-end=\"877\">Kombination aus Ohrring und Anh\u00e4nger &#8211; Sie sind perfekt aufeinander abgestimmt.<\/li>\n<\/ul>\n<h3 data-start=\"879\" data-end=\"927\">\ud83d\udc96 <strong data-start=\"886\" data-end=\"925\">Warum sollten Sie sich f\u00fcr dieses Schmuckset entscheiden?<\/strong><\/h3>\n<ul data-start=\"928\" data-end=\"1259\">\n<li data-start=\"928\" data-end=\"1020\">Hochwertige Qualit\u00e4t &#8211; <strong data-start=\"948\" data-end=\"983\">AG 925 Silber mit Rhodiumbeschichtung<\/strong> f\u00fcr einen dauerhaften Glanz.<\/li>\n<li data-start=\"1021\" data-end=\"1080\">Anspruchsvolle wei\u00dfe Steine &#8211; Elegantes und brillantes Aussehen.<\/li>\n<li data-start=\"1081\" data-end=\"1168\">H\u00e4ngende Ohrringe &#8211; Betonen die Sch\u00f6nheit des Gesichts und erzeugen mit ihrer zarten Bewegung einen eleganten Effekt.<\/li>\n<li data-start=\"1169\" data-end=\"1259\">Das perfekte Geschenk &#8211; Ein wunderbares Set, das eine ideale \u00dcberraschung f\u00fcr jeden Anlass ist.<\/li>\n<\/ul>\n<p data-start=\"1261\" data-end=\"1431\">\ud83c\udf81 <strong data-start=\"1264\" data-end=\"1298\">Auch eine gro\u00dfartige Wahl f\u00fcr ein Geschenk!<\/strong><br data-start=\"1298\" data-end=\"1301\">Dieses <strong data-start=\"1307\" data-end=\"1346\">silberne Schmuckset mit wei\u00dfen Steinen<\/strong> ist ein zeitloses St\u00fcck, das die Schmucksammlung jeder Frau bereichern wird.<\/p>\n<p data-start=\"1433\" data-end=\"1505\">\ud83d\udcab <strong data-start=\"1436\" data-end=\"1501\">Tragen Sie dieses glamour\u00f6se Set und sehen Sie jedes Mal strahlend aus!<\/strong> \u2728<\/p>\n","protected":false},"excerpt":{"rendered":"<p>\ud83d\udc8e <strong data-start=\"1556\" data-end=\"1595\">Silbernes H\u00e4ngeschmuck-Set mit wei\u00dfen Steinen<\/strong> &#8211; Anspruchsvoller Glamour und schlichte Eleganz, das perfekte Accessoire f\u00fcr jeden Anlass! \u2728<\/p>\n","protected":false},"featured_media":102948,"template":"","meta":{"_acf_changed":false},"product_brand":[],"product_cat":[526],"product_tag":[527],"class_list":{"0":"post-102972","1":"product","2":"type-product","3":"status-publish","4":"has-post-thumbnail","6":"product_cat-silberschmuck-set","7":"product_tag-silberschmuck-fur-damen","8":"description-off","10":"first","11":"instock","12":"sale","13":"taxable","14":"shipping-taxable","15":"purchasable","16":"product-type-simple"},"acf":[],"yoast_head":"<!-- This site is optimized with the Yoast SEO plugin v27.4 - https:\/\/yoast.com\/product\/yoast-seo-wordpress\/ -->\n<title>Silbernes Schmuckset mit wei\u00dfen Steinen zum Aufh\u00e4ngen | Diana Silver<\/title>\n<meta name=\"description\" content=\"Fedezd fel a leny\u0171g\u00f6z\u0151 Silbernes Schmuckset mit wei\u00dfen Steinen zum Aufh\u00e4ngen \u00e9kszer\u00fcnket. T\u00f6k\u00e9letes kieg\u00e9sz\u00edt\u0151 mindennapi viselethez \u00e9s k\u00fcl\u00f6nleges alkalmakra egyar\u00e1nt. Rendeld meg most!\" \/>\n<meta name=\"robots\" content=\"index, follow, max-snippet:-1, max-image-preview:large, max-video-preview:-1\" \/>\n<link rel=\"canonical\" href=\"https:\/\/dianasilver.com\/de\/termek\/silbernes-schmuckset-mit-weissen-steinen-zum-aufhaengen\/\" \/>\n<meta property=\"og:locale\" content=\"de_DE\" \/>\n<meta property=\"og:type\" content=\"article\" \/>\n<meta property=\"og:title\" content=\"Silbernes Schmuckset mit wei\u00dfen Steinen zum Aufh\u00e4ngen | Diana Silver\" \/>\n<meta property=\"og:description\" content=\"Fedezd fel a leny\u0171g\u00f6z\u0151 Silbernes Schmuckset mit wei\u00dfen Steinen zum Aufh\u00e4ngen \u00e9kszer\u00fcnket. T\u00f6k\u00e9letes kieg\u00e9sz\u00edt\u0151 mindennapi viselethez \u00e9s k\u00fcl\u00f6nleges alkalmakra egyar\u00e1nt. Rendeld meg most!\" \/>\n<meta property=\"og:url\" content=\"https:\/\/dianasilver.com\/de\/termek\/silbernes-schmuckset-mit-weissen-steinen-zum-aufhaengen\/\" \/>\n<meta property=\"og:site_name\" content=\"Diana Silver\" \/>\n<meta property=\"article:publisher\" content=\"https:\/\/www.facebook.com\/profile.php?id=100027231325117\" \/>\n<meta property=\"article:modified_time\" content=\"2026-01-16T16:20:15+00:00\" \/>\n<meta property=\"og:image\" content=\"https:\/\/dianasilver.com\/wp-content\/uploads\/2025\/03\/ezust-feher-koves-logos-ekszer-szett-102946.jpg\" \/>\n\t<meta property=\"og:image:width\" content=\"800\" \/>\n\t<meta property=\"og:image:height\" content=\"800\" \/>\n\t<meta property=\"og:image:type\" content=\"image\/jpeg\" \/>\n<meta name=\"twitter:card\" content=\"summary_large_image\" \/>\n<meta name=\"twitter:label1\" content=\"Gesch\u00e4tzte Lesezeit\" \/>\n\t<meta name=\"twitter:data1\" content=\"1\u00a0Minute\" \/>\n<script type=\"application\/ld+json\" class=\"yoast-schema-graph\">{\"@context\":\"https:\\\/\\\/schema.org\",\"@graph\":[{\"@type\":\"WebPage\",\"@id\":\"https:\\\/\\\/dianasilver.com\\\/de\\\/termek\\\/silbernes-schmuckset-mit-weissen-steinen-zum-aufhaengen\\\/\",\"url\":\"https:\\\/\\\/dianasilver.com\\\/de\\\/termek\\\/silbernes-schmuckset-mit-weissen-steinen-zum-aufhaengen\\\/\",\"name\":\"Silbernes Schmuckset mit wei\u00dfen Steinen zum Aufh\u00e4ngen | Diana Silver\",\"isPartOf\":{\"@id\":\"https:\\\/\\\/dianasilver.com\\\/de\\\/#website\"},\"primaryImageOfPage\":{\"@id\":\"https:\\\/\\\/dianasilver.com\\\/de\\\/termek\\\/silbernes-schmuckset-mit-weissen-steinen-zum-aufhaengen\\\/#primaryimage\"},\"image\":{\"@id\":\"https:\\\/\\\/dianasilver.com\\\/de\\\/termek\\\/silbernes-schmuckset-mit-weissen-steinen-zum-aufhaengen\\\/#primaryimage\"},\"thumbnailUrl\":\"https:\\\/\\\/dianasilver.com\\\/wp-content\\\/uploads\\\/2025\\\/03\\\/ezust-feher-koves-logos-ekszer-szett-102946.jpg\",\"datePublished\":\"2025-03-13T18:53:27+00:00\",\"dateModified\":\"2026-01-16T16:20:15+00:00\",\"description\":\"Fedezd fel a leny\u0171g\u00f6z\u0151 Silbernes Schmuckset mit wei\u00dfen Steinen zum Aufh\u00e4ngen \u00e9kszer\u00fcnket. T\u00f6k\u00e9letes kieg\u00e9sz\u00edt\u0151 mindennapi viselethez \u00e9s k\u00fcl\u00f6nleges alkalmakra egyar\u00e1nt. Rendeld meg most!\",\"breadcrumb\":{\"@id\":\"https:\\\/\\\/dianasilver.com\\\/de\\\/termek\\\/silbernes-schmuckset-mit-weissen-steinen-zum-aufhaengen\\\/#breadcrumb\"},\"inLanguage\":\"de\",\"potentialAction\":[{\"@type\":\"ReadAction\",\"target\":[\"https:\\\/\\\/dianasilver.com\\\/de\\\/termek\\\/silbernes-schmuckset-mit-weissen-steinen-zum-aufhaengen\\\/\"]}]},{\"@type\":\"ImageObject\",\"inLanguage\":\"de\",\"@id\":\"https:\\\/\\\/dianasilver.com\\\/de\\\/termek\\\/silbernes-schmuckset-mit-weissen-steinen-zum-aufhaengen\\\/#primaryimage\",\"url\":\"https:\\\/\\\/dianasilver.com\\\/wp-content\\\/uploads\\\/2025\\\/03\\\/ezust-feher-koves-logos-ekszer-szett-102946.jpg\",\"contentUrl\":\"https:\\\/\\\/dianasilver.com\\\/wp-content\\\/uploads\\\/2025\\\/03\\\/ezust-feher-koves-logos-ekszer-szett-102946.jpg\",\"width\":800,\"height\":800},{\"@type\":\"BreadcrumbList\",\"@id\":\"https:\\\/\\\/dianasilver.com\\\/de\\\/termek\\\/silbernes-schmuckset-mit-weissen-steinen-zum-aufhaengen\\\/#breadcrumb\",\"itemListElement\":[{\"@type\":\"ListItem\",\"position\":1,\"name\":\"Kezd\u0151lap\",\"item\":\"https:\\\/\\\/dianasilver.com\\\/de\\\/diana-silver-silberschmuck-webshop\\\/\"},{\"@type\":\"ListItem\",\"position\":2,\"name\":\"Shop\",\"item\":\"https:\\\/\\\/dianasilver.com\\\/de\\\/shop\\\/\"},{\"@type\":\"ListItem\",\"position\":3,\"name\":\"Silbernes Schmuckset mit wei\u00dfen Steinen zum Aufh\u00e4ngen\"}]},{\"@type\":\"WebSite\",\"@id\":\"https:\\\/\\\/dianasilver.com\\\/de\\\/#website\",\"url\":\"https:\\\/\\\/dianasilver.com\\\/de\\\/\",\"name\":\"Diana Silver\",\"description\":\"Tedd t\u00f6k\u00e9letesebb\u00e9 mindennapjaid a Diana Silver \u00e9kszereivel.\",\"publisher\":{\"@id\":\"https:\\\/\\\/dianasilver.com\\\/de\\\/#organization\"},\"alternateName\":\"Ez\u00fcst \u00c9kszer Web\u00e1ruh\u00e1z\",\"potentialAction\":[{\"@type\":\"SearchAction\",\"target\":{\"@type\":\"EntryPoint\",\"urlTemplate\":\"https:\\\/\\\/dianasilver.com\\\/de\\\/?s={search_term_string}\"},\"query-input\":{\"@type\":\"PropertyValueSpecification\",\"valueRequired\":true,\"valueName\":\"search_term_string\"}}],\"inLanguage\":\"de\"},{\"@type\":\"Organization\",\"@id\":\"https:\\\/\\\/dianasilver.com\\\/de\\\/#organization\",\"name\":\"Diana Silver\",\"url\":\"https:\\\/\\\/dianasilver.com\\\/de\\\/\",\"logo\":{\"@type\":\"ImageObject\",\"inLanguage\":\"de\",\"@id\":\"https:\\\/\\\/dianasilver.com\\\/de\\\/#\\\/schema\\\/logo\\\/image\\\/\",\"url\":\"https:\\\/\\\/dianasilver.com\\\/wp-content\\\/uploads\\\/2022\\\/08\\\/ezust-feher-1-koves-buttonos-stekkeres-fulbevalo-42.webp\",\"contentUrl\":\"https:\\\/\\\/dianasilver.com\\\/wp-content\\\/uploads\\\/2022\\\/08\\\/ezust-feher-1-koves-buttonos-stekkeres-fulbevalo-42.webp\",\"width\":300,\"height\":154,\"caption\":\"Diana Silver\"},\"image\":{\"@id\":\"https:\\\/\\\/dianasilver.com\\\/de\\\/#\\\/schema\\\/logo\\\/image\\\/\"},\"sameAs\":[\"https:\\\/\\\/www.facebook.com\\\/profile.php?id=100027231325117\"]}]}<\/script>\n<!-- \/ Yoast SEO plugin. -->","yoast_head_json":{"title":"Silbernes Schmuckset mit wei\u00dfen Steinen zum Aufh\u00e4ngen | Diana Silver","description":"Fedezd fel a leny\u0171g\u00f6z\u0151 Silbernes Schmuckset mit wei\u00dfen Steinen zum Aufh\u00e4ngen \u00e9kszer\u00fcnket. T\u00f6k\u00e9letes kieg\u00e9sz\u00edt\u0151 mindennapi viselethez \u00e9s k\u00fcl\u00f6nleges alkalmakra egyar\u00e1nt. Rendeld meg most!","robots":{"index":"index","follow":"follow","max-snippet":"max-snippet:-1","max-image-preview":"max-image-preview:large","max-video-preview":"max-video-preview:-1"},"canonical":"https:\/\/dianasilver.com\/de\/termek\/silbernes-schmuckset-mit-weissen-steinen-zum-aufhaengen\/","og_locale":"de_DE","og_type":"article","og_title":"Silbernes Schmuckset mit wei\u00dfen Steinen zum Aufh\u00e4ngen | Diana Silver","og_description":"Fedezd fel a leny\u0171g\u00f6z\u0151 Silbernes Schmuckset mit wei\u00dfen Steinen zum Aufh\u00e4ngen \u00e9kszer\u00fcnket. T\u00f6k\u00e9letes kieg\u00e9sz\u00edt\u0151 mindennapi viselethez \u00e9s k\u00fcl\u00f6nleges alkalmakra egyar\u00e1nt. Rendeld meg most!","og_url":"https:\/\/dianasilver.com\/de\/termek\/silbernes-schmuckset-mit-weissen-steinen-zum-aufhaengen\/","og_site_name":"Diana Silver","article_publisher":"https:\/\/www.facebook.com\/profile.php?id=100027231325117","article_modified_time":"2026-01-16T16:20:15+00:00","og_image":[{"width":800,"height":800,"url":"https:\/\/dianasilver.com\/wp-content\/uploads\/2025\/03\/ezust-feher-koves-logos-ekszer-szett-102946.jpg","type":"image\/jpeg"}],"twitter_card":"summary_large_image","twitter_misc":{"Gesch\u00e4tzte Lesezeit":"1\u00a0Minute"},"schema":{"@context":"https:\/\/schema.org","@graph":[{"@type":"WebPage","@id":"https:\/\/dianasilver.com\/de\/termek\/silbernes-schmuckset-mit-weissen-steinen-zum-aufhaengen\/","url":"https:\/\/dianasilver.com\/de\/termek\/silbernes-schmuckset-mit-weissen-steinen-zum-aufhaengen\/","name":"Silbernes Schmuckset mit wei\u00dfen Steinen zum Aufh\u00e4ngen | Diana Silver","isPartOf":{"@id":"https:\/\/dianasilver.com\/de\/#website"},"primaryImageOfPage":{"@id":"https:\/\/dianasilver.com\/de\/termek\/silbernes-schmuckset-mit-weissen-steinen-zum-aufhaengen\/#primaryimage"},"image":{"@id":"https:\/\/dianasilver.com\/de\/termek\/silbernes-schmuckset-mit-weissen-steinen-zum-aufhaengen\/#primaryimage"},"thumbnailUrl":"https:\/\/dianasilver.com\/wp-content\/uploads\/2025\/03\/ezust-feher-koves-logos-ekszer-szett-102946.jpg","datePublished":"2025-03-13T18:53:27+00:00","dateModified":"2026-01-16T16:20:15+00:00","description":"Fedezd fel a leny\u0171g\u00f6z\u0151 Silbernes Schmuckset mit wei\u00dfen Steinen zum Aufh\u00e4ngen \u00e9kszer\u00fcnket. T\u00f6k\u00e9letes kieg\u00e9sz\u00edt\u0151 mindennapi viselethez \u00e9s k\u00fcl\u00f6nleges alkalmakra egyar\u00e1nt. Rendeld meg most!","breadcrumb":{"@id":"https:\/\/dianasilver.com\/de\/termek\/silbernes-schmuckset-mit-weissen-steinen-zum-aufhaengen\/#breadcrumb"},"inLanguage":"de","potentialAction":[{"@type":"ReadAction","target":["https:\/\/dianasilver.com\/de\/termek\/silbernes-schmuckset-mit-weissen-steinen-zum-aufhaengen\/"]}]},{"@type":"ImageObject","inLanguage":"de","@id":"https:\/\/dianasilver.com\/de\/termek\/silbernes-schmuckset-mit-weissen-steinen-zum-aufhaengen\/#primaryimage","url":"https:\/\/dianasilver.com\/wp-content\/uploads\/2025\/03\/ezust-feher-koves-logos-ekszer-szett-102946.jpg","contentUrl":"https:\/\/dianasilver.com\/wp-content\/uploads\/2025\/03\/ezust-feher-koves-logos-ekszer-szett-102946.jpg","width":800,"height":800},{"@type":"BreadcrumbList","@id":"https:\/\/dianasilver.com\/de\/termek\/silbernes-schmuckset-mit-weissen-steinen-zum-aufhaengen\/#breadcrumb","itemListElement":[{"@type":"ListItem","position":1,"name":"Kezd\u0151lap","item":"https:\/\/dianasilver.com\/de\/diana-silver-silberschmuck-webshop\/"},{"@type":"ListItem","position":2,"name":"Shop","item":"https:\/\/dianasilver.com\/de\/shop\/"},{"@type":"ListItem","position":3,"name":"Silbernes Schmuckset mit wei\u00dfen Steinen zum Aufh\u00e4ngen"}]},{"@type":"WebSite","@id":"https:\/\/dianasilver.com\/de\/#website","url":"https:\/\/dianasilver.com\/de\/","name":"Diana Silver","description":"Tedd t\u00f6k\u00e9letesebb\u00e9 mindennapjaid a Diana Silver \u00e9kszereivel.","publisher":{"@id":"https:\/\/dianasilver.com\/de\/#organization"},"alternateName":"Ez\u00fcst \u00c9kszer Web\u00e1ruh\u00e1z","potentialAction":[{"@type":"SearchAction","target":{"@type":"EntryPoint","urlTemplate":"https:\/\/dianasilver.com\/de\/?s={search_term_string}"},"query-input":{"@type":"PropertyValueSpecification","valueRequired":true,"valueName":"search_term_string"}}],"inLanguage":"de"},{"@type":"Organization","@id":"https:\/\/dianasilver.com\/de\/#organization","name":"Diana Silver","url":"https:\/\/dianasilver.com\/de\/","logo":{"@type":"ImageObject","inLanguage":"de","@id":"https:\/\/dianasilver.com\/de\/#\/schema\/logo\/image\/","url":"https:\/\/dianasilver.com\/wp-content\/uploads\/2022\/08\/ezust-feher-1-koves-buttonos-stekkeres-fulbevalo-42.webp","contentUrl":"https:\/\/dianasilver.com\/wp-content\/uploads\/2022\/08\/ezust-feher-1-koves-buttonos-stekkeres-fulbevalo-42.webp","width":300,"height":154,"caption":"Diana Silver"},"image":{"@id":"https:\/\/dianasilver.com\/de\/#\/schema\/logo\/image\/"},"sameAs":["https:\/\/www.facebook.com\/profile.php?id=100027231325117"]}]}},"_links":{"self":[{"href":"https:\/\/dianasilver.com\/de\/wp-json\/wp\/v2\/product\/102972","targetHints":{"allow":["GET"]}}],"collection":[{"href":"https:\/\/dianasilver.com\/de\/wp-json\/wp\/v2\/product"}],"about":[{"href":"https:\/\/dianasilver.com\/de\/wp-json\/wp\/v2\/types\/product"}],"version-history":[{"count":0,"href":"https:\/\/dianasilver.com\/de\/wp-json\/wp\/v2\/product\/102972\/revisions"}],"wp:featuredmedia":[{"embeddable":true,"href":"https:\/\/dianasilver.com\/de\/wp-json\/wp\/v2\/media\/102948"}],"wp:attachment":[{"href":"https:\/\/dianasilver.com\/de\/wp-json\/wp\/v2\/media?parent=102972"}],"wp:term":[{"taxonomy":"product_brand","embeddable":true,"href":"https:\/\/dianasilver.com\/de\/wp-json\/wp\/v2\/product_brand?post=102972"},{"taxonomy":"product_cat","embeddable":true,"href":"https:\/\/dianasilver.com\/de\/wp-json\/wp\/v2\/product_cat?post=102972"},{"taxonomy":"product_tag","embeddable":true,"href":"https:\/\/dianasilver.com\/de\/wp-json\/wp\/v2\/product_tag?post=102972"}],"curies":[{"name":"wp","href":"https:\/\/api.w.org\/{rel}","templated":true}]}}