{"id":119455,"date":"2026-01-16T18:15:28","date_gmt":"2026-01-16T17:15:28","guid":{"rendered":"https:\/\/dianasilver.com\/datenschutzrichtlinie\/"},"modified":"2026-01-17T19:45:55","modified_gmt":"2026-01-17T18:45:55","slug":"datenschutzrichtlinie","status":"publish","type":"page","link":"https:\/\/dianasilver.com\/de\/datenschutzrichtlinie\/","title":{"rendered":"Datenschutzrichtlinie"},"content":{"rendered":"\t\t<div data-elementor-type=\"wp-page\" data-elementor-id=\"119455\" class=\"elementor elementor-119455 elementor-119444\" data-elementor-post-type=\"page\">\n\t\t\t\t<div class=\"elementor-element elementor-element-942311a e-flex e-con-boxed e-con e-parent\" data-id=\"942311a\" data-element_type=\"container\" data-e-type=\"container\">\n\t\t\t\t\t<div class=\"e-con-inner\">\n\t\t\t\t<div class=\"elementor-element elementor-element-d2d4d43 elementor-widget elementor-widget-heading\" data-id=\"d2d4d43\" data-element_type=\"widget\" data-e-type=\"widget\" data-widget_type=\"heading.default\">\n\t\t\t\t\t<h1 class=\"elementor-heading-title elementor-size-default\">DATENSCHUTZERKL\u00c4RUNG<\/h1>\t\t\t\t<\/div>\n\t\t\t\t<div class=\"elementor-element elementor-element-3cfa0cc elementor-widget elementor-widget-text-editor\" data-id=\"3cfa0cc\" data-element_type=\"widget\" data-e-type=\"widget\" data-widget_type=\"text-editor.default\">\n\t\t\t\t\t\t\t\t\t<h2 data-start=\"348\" data-end=\"363\">1. Einleitung<\/h2><p data-start=\"365\" data-end=\"609\">Zweck dieser Datenschutzerkl\u00e4rung ist es, umfassende Informationen \u00fcber die Verarbeitung personenbezogener Daten durch den Online-Shop Diana Silver (im Folgenden: Verantwortlicher) bereitzustellen.<\/p><p data-start=\"611\" data-end=\"797\">Der Verantwortliche behandelt personenbezogene Daten vertraulich und verarbeitet diese in \u00dcbereinstimmung mit den geltenden europ\u00e4ischen und ungarischen Datenschutzvorschriften, insbesondere der Verordnung (EU) 2016\/679 (DSGVO).<\/p><h2 data-start=\"804\" data-end=\"830\">2. Angaben zum Verantwortlichen<\/h2><ul data-start=\"832\" data-end=\"942\"><li data-start=\"832\" data-end=\"869\"><p data-start=\"834\" data-end=\"869\">Name des Verantwortlichen: Diana Silver Kft.<\/p><\/li><li data-start=\"870\" data-end=\"905\"><p data-start=\"872\" data-end=\"905\"><strong data-start=\"872\" data-end=\"883\">E-mail:<\/strong> <a class=\"decorated-link cursor-pointer\" rel=\"noopener\" data-start=\"884\" data-end=\"903\">info@dianasilver.hu<\/a><\/p><\/li><li data-start=\"906\" data-end=\"942\"><p data-start=\"908\" data-end=\"942\">Website: <a class=\"decorated-link\" href=\"http:\/\/www.dianasilver.com\" target=\"_blank\" rel=\"noopener\" data-start=\"922\" data-end=\"940\">www.dianasilver.com<\/a><\/p><\/li><\/ul><h2 data-start=\"949\" data-end=\"988\">3. Rechtsgrundlagen der Datenverarbeitung<\/h2><p data-start=\"990\" data-end=\"1045\">Die Datenverarbeitung erfolgt auf Grundlage der folgenden Rechtsvorschriften:<\/p><ul><li data-start=\"1049\" data-end=\"1112\">Verordnung (EU) 2016\/679 des Europ\u00e4ischen Parlaments und des Rates (DSGVO)<\/li><li data-start=\"1121\" data-end=\"1148\">2011. Ungarisches Gesetz \u00fcber das Recht auf informationelle Selbstbestimmung und Informationsfreiheit<br>(Gesetz Nr. CXII von 2011) <\/li><li data-start=\"1157\" data-end=\"1186\">2001. Ungarisches Gesetz \u00fcber elektronische Handelsdienstleistungen<br>(Gesetz Nr. CVIII von 2001) <\/li><li data-start=\"1195\" data-end=\"1232\">2013. Ungarisches Verbraucherschutzgesetz<br>(Gesetz Nr. CLV von 1997)<\/li><li data-start=\"1241\" data-end=\"1279\">1997. Ungarisches B\u00fcrgerliches Gesetzbuch<br>(Gesetz Nr. V von 2013) <\/li><li data-start=\"1282\" data-end=\"1314\">45\/2014. Ungarisches Rechnungslegungsgesetz<br>(Gesetz Nr. C von 2000)  <\/li><li data-start=\"1323\" data-end=\"1352\">2000. Ungarische Regierungsverordnung Nr. 45\/2014 (II.26.)<br>\u00fcber die detaillierten Regeln von Vertr\u00e4gen zwischen Verbrauchern und Unternehmen<\/li><li data-start=\"1355\" data-end=\"1422\">Empfehlungen der Ungarischen Datenschutzbeh\u00f6rde (NAIH)<\/li><\/ul><h2 data-start=\"1429\" data-end=\"1465\">4. Umfang der verarbeiteten personenbezogenen Daten<\/h2><h3 data-start=\"1467\" data-end=\"1523\">4.1. 4.1. Daten bei Registrierung und Bestellung<\/h3><ul data-start=\"1525\" data-end=\"1608\"><li data-start=\"1525\" data-end=\"1539\"><p data-start=\"1527\" data-end=\"1539\">Im Rahmen der Registrierung und der Aufgabe einer Bestellung werden folgende personenbezogene Daten verarbeitet:<br>Vor- und Nachname<\/p><\/li><li data-start=\"1540\" data-end=\"1554\"><p data-start=\"1542\" data-end=\"1554\">E-Mail-Adresse<\/p><\/li><li data-start=\"1555\" data-end=\"1570\"><p data-start=\"1557\" data-end=\"1570\">Telefonnummer<\/p><\/li><li data-start=\"1571\" data-end=\"1589\"><p data-start=\"1573\" data-end=\"1589\">Rechnungsadresse<\/p><\/li><li data-start=\"1590\" data-end=\"1608\"><p data-start=\"1592\" data-end=\"1608\">Lieferadresse<\/p><\/li><\/ul><p data-start=\"1610\" data-end=\"1690\">Die Bereitstellung der Daten erfolgt freiwillig, ist jedoch f\u00fcr den Vertragsabschluss und die Vertragserf\u00fcllung erforderlich.<\/p><h3 data-start=\"1697\" data-end=\"1737\">4.2. 4.2. Rechnungs- und Buchhaltungsdaten<\/h3><p data-start=\"1739\" data-end=\"1861\">Die im Zusammenhang mit der Rechnungsstellung verarbeiteten personenbezogenen Daten werden gem\u00e4\u00df den geltenden buchhalterischen Vorschriften f\u00fcr den gesetzlich vorgeschriebenen Zeitraum (derzeit mindestens 8 Jahre) gespeichert.<\/p><h3 data-start=\"1868\" data-end=\"1898\">4.3. 4.3. Newsletter<\/h3><p data-start=\"1900\" data-end=\"1968\">Bei der Anmeldung zum Newsletter werden folgende Daten verarbeitet:<\/p><ul data-start=\"1970\" data-end=\"2012\"><li data-start=\"1970\" data-end=\"1984\"><p data-start=\"1972\" data-end=\"1984\">E-Mail-Adresse<\/p><\/li><li data-start=\"1985\" data-end=\"2012\"><p data-start=\"1987\" data-end=\"2012\">(optional) Vorname<\/p><\/li><\/ul><p data-start=\"2014\" data-end=\"2102\">Die Anmeldung erfolgt freiwillig. Eine Abmeldung ist jederzeit \u00fcber den Abmeldelink in jedem Newsletter m\u00f6glich.<\/p><h3 data-start=\"2109\" data-end=\"2146\">4.4. 4.4. Technische Daten<\/h3><p data-start=\"2148\" data-end=\"2213\">Beim Besuch der Website k\u00f6nnen zu statistischen und sicherheitsrelevanten Zwecken automatisch technische Daten erfasst werden, insbesondere:<\/p><ul data-start=\"2215\" data-end=\"2308\"><li data-start=\"2215\" data-end=\"2225\"><p data-start=\"2217\" data-end=\"2225\">IP-Adresse<\/p><\/li><li data-start=\"2226\" data-end=\"2245\"><p data-start=\"2228\" data-end=\"2245\">Browserbezogene technische Informationen<\/p><\/li><li data-start=\"2246\" data-end=\"2283\"><p data-start=\"2248\" data-end=\"2283\">Datum und Dauer des Besuchs<\/p><\/li><li data-start=\"2284\" data-end=\"2308\"><p data-start=\"2286\" data-end=\"2308\">Besuchte Seiten<\/p><\/li><\/ul><p data-start=\"2310\" data-end=\"2431\">Diese Daten lassen keine direkte Identifizierung der betroffenen Person zu.<\/p><h2 data-start=\"2438\" data-end=\"2471\">5. Cookies<\/h2><p data-start=\"2473\" data-end=\"2578\">Die Website verwendet Cookies, um den ordnungsgem\u00e4\u00dfen Betrieb sicherzustellen, die Benutzererfahrung zu verbessern und statistische Auswertungen zu erm\u00f6glichen.<\/p><ul data-start=\"2580\" data-end=\"2773\"><li data-start=\"2580\" data-end=\"2632\"><p data-start=\"2582\" data-end=\"2632\">Cookies enthalten keine personenbezogenen Daten<\/p><\/li><li data-start=\"2633\" data-end=\"2693\"><p data-start=\"2635\" data-end=\"2693\">Cookies k\u00f6nnen in den Browsereinstellungen deaktiviert werden<\/p><\/li><li data-start=\"2694\" data-end=\"2773\"><p data-start=\"2696\" data-end=\"2773\">Bei Deaktivierung von Cookies k\u00f6nnen bestimmte Funktionen der Website eingeschr\u00e4nkt sein<\/p><\/li><\/ul><p data-start=\"2775\" data-end=\"2852\">Detaillierte Informationen sind in der Cookie-Richtlinie verf\u00fcgbar.<\/p><h2 data-start=\"2859\" data-end=\"2889\">6. Rechtsgrundlagen der Datenverarbeitung<\/h2><p data-start=\"2891\" data-end=\"2941\">Die Verarbeitung personenbezogener Daten erfolgt auf einer der folgenden Rechtsgrundlagen:<\/p><ul data-start=\"2943\" data-end=\"3142\"><li data-start=\"2943\" data-end=\"3005\"><p data-start=\"2945\" data-end=\"3005\">Einwilligung der betroffenen Person (Art. 6 Abs. 1 lit. a DSGVO) <\/p><\/li><li data-start=\"3006\" data-end=\"3051\"><p data-start=\"3008\" data-end=\"3051\">Vertragserf\u00fcllung (Art. 6 Abs. 1 lit. b DSGVO) <\/p><\/li><li data-start=\"3052\" data-end=\"3106\"><p data-start=\"3054\" data-end=\"3106\">Erf\u00fcllung einer rechtlichen Verpflichtung (Art. 6 Abs. 1 lit. c DSGVO) <\/p><\/li><li data-start=\"3107\" data-end=\"3142\"><p data-start=\"3109\" data-end=\"3142\">Berechtigtes Interesse des Verantwortlichen (Art. 6 Abs. 1 lit. f DSGVO) <\/p><\/li><\/ul><h2 data-start=\"3149\" data-end=\"3186\">7. Daten\u00fcbermittlung und Auftragsverarbeiter<\/h2><p data-start=\"3188\" data-end=\"3346\">Personenbezogene Daten werden ausschlie\u00dflich an solche Partner \u00fcbermittelt, die f\u00fcr die Erf\u00fcllung der Bestellung oder den Betrieb des Online-Shops erforderlich sind (z. B. Versanddienstleister, Hostinganbieter, Buchhaltung).<\/p><p data-start=\"3348\" data-end=\"3465\">Eine \u00dcbermittlung personenbezogener Daten au\u00dferhalb des Europ\u00e4ischen Wirtschaftsraums erfolgt nur unter Einhaltung der in der DSGVO vorgesehenen Garantien.<\/p><h2 data-start=\"3472\" data-end=\"3503\">8. Speicherdauer der Daten<\/h2><ul data-start=\"3505\" data-end=\"3685\"><li data-start=\"3505\" data-end=\"3558\"><p data-start=\"3507\" data-end=\"3558\">Registrierungsdaten: bis zur L\u00f6schung des Benutzerkontos<\/p><\/li><li data-start=\"3559\" data-end=\"3613\"><p data-start=\"3561\" data-end=\"3613\">Rechnungsdaten: gem\u00e4\u00df gesetzlichen Aufbewahrungsfristen<\/p><\/li><li data-start=\"3614\" data-end=\"3648\"><p data-start=\"3616\" data-end=\"3648\">Newsletter-Daten: bis zur Abmeldung<\/p><\/li><li data-start=\"3649\" data-end=\"3685\"><p data-start=\"3651\" data-end=\"3685\">Technische Daten: maximal 12 Monate<\/p><\/li><\/ul><h2 data-start=\"3692\" data-end=\"3717\">9. Rechte der betroffenen Personen<\/h2><p data-start=\"3719\" data-end=\"3740\">Die betroffene Person hat das Recht:<\/p><ul data-start=\"3742\" data-end=\"3983\"><li data-start=\"3742\" data-end=\"3781\"><p data-start=\"3744\" data-end=\"3781\">Auskunft \u00fcber die Datenverarbeitung zu verlangen<\/p><\/li><li data-start=\"3782\" data-end=\"3823\"><p data-start=\"3784\" data-end=\"3823\">Zugang zu ihren personenbezogenen Daten zu erhalten<\/p><\/li><li data-start=\"3824\" data-end=\"3864\"><p data-start=\"3826\" data-end=\"3864\">Berichtigung oder L\u00f6schung zu verlangen<\/p><\/li><li data-start=\"3865\" data-end=\"3900\"><p data-start=\"3867\" data-end=\"3900\">Einschr\u00e4nkung der Verarbeitung zu verlangen<\/p><\/li><li data-start=\"3901\" data-end=\"3945\"><p data-start=\"3903\" data-end=\"3945\">Daten\u00fcbertragbarkeit zu verlangen<\/p><\/li><li data-start=\"3946\" data-end=\"3983\"><p data-start=\"3948\" data-end=\"3983\">eine erteilte Einwilligung jederzeit zu widerrufen<\/p><\/li><\/ul><h2 data-start=\"3990\" data-end=\"4021\">10. Beschwerderecht<\/h2><p data-start=\"4023\" data-end=\"4093\">Im Falle eines vermuteten Versto\u00dfes gegen datenschutzrechtliche Bestimmungen kann die betroffene Person Beschwerde bei der zust\u00e4ndigen Aufsichtsbeh\u00f6rde einlegen:<\/p><p data-start=\"4095\" data-end=\"4180\">Hungarian National Authority for Data Protection and Freedom of Information (NAIH)<br data-start=\"4156\" data-end=\"4159\">Website: <a class=\"decorated-link cursor-pointer\" target=\"_new\" rel=\"noopener\" data-start=\"4169\" data-end=\"4180\">https:\/\/www.naih.hu<\/a><\/p><h2 data-start=\"4187\" data-end=\"4203\">11. Kontakt<\/h2><p data-start=\"4205\" data-end=\"4279\">Anfragen k\u00f6nnen schriftlich an folgende E-Mail-Adresse gerichtet werden:<\/p><p data-start=\"4281\" data-end=\"4307\">\ud83d\udce7 <strong data-start=\"4284\" data-end=\"4307\"><a class=\"decorated-link cursor-pointer\" rel=\"noopener\" data-start=\"4286\" data-end=\"4305\">info@dianasilver.hu<\/a><\/strong><\/p><h2 data-start=\"4314\" data-end=\"4339\">12. Schlussbestimmungen<\/h2><p data-start=\"4341\" data-end=\"4468\">Der Verantwortliche beh\u00e4lt sich das Recht vor, diese Datenschutzerkl\u00e4rung jederzeit zu \u00e4ndern.<br>Die jeweils aktuelle Fassung ist auf der Website verf\u00fcgbar. <\/p>\t\t\t\t\t\t\t\t<\/div>\n\t\t\t\t\t<\/div>\n\t\t\t\t<\/div>\n\t\t\t\t<\/div>\n\t\t","protected":false},"excerpt":{"rendered":"<p>DATENSCHUTZERKL\u00c4RUNG 1. Einleitung Zweck dieser Datenschutzerkl\u00e4rung ist es, umfassende Informationen \u00fcber die Verarbeitung personenbezogener Daten durch den Online-Shop Diana Silver (im Folgenden: Verantwortlicher) bereitzustellen. Der Verantwortliche behandelt personenbezogene Daten vertraulich und verarbeitet diese in \u00dcbereinstimmung mit den geltenden europ\u00e4ischen und ungarischen Datenschutzvorschriften, insbesondere der Verordnung (EU) 2016\/679 (DSGVO). 2. Angaben zum Verantwortlichen Name des Verantwortlichen:&hellip;<\/p>\n","protected":false},"author":74,"featured_media":0,"parent":0,"menu_order":0,"comment_status":"closed","ping_status":"closed","template":"","meta":{"_acf_changed":false,"footnotes":""},"class_list":["post-119455","page","type-page","status-publish","hentry"],"acf":[],"yoast_head":"<!-- This site is optimized with the Yoast SEO plugin v27.3 - https:\/\/yoast.com\/product\/yoast-seo-wordpress\/ -->\n<title>Datenschutzrichtlinie | Diana Silver<\/title>\n<meta name=\"robots\" content=\"noindex, nofollow\" \/>\n<meta property=\"og:locale\" content=\"de_DE\" \/>\n<meta property=\"og:type\" content=\"article\" \/>\n<meta property=\"og:title\" content=\"Datenschutzrichtlinie | Diana Silver\" \/>\n<meta property=\"og:description\" content=\"DATENSCHUTZERKL\u00c4RUNG 1. Einleitung Zweck dieser Datenschutzerkl\u00e4rung ist es, umfassende Informationen \u00fcber die Verarbeitung personenbezogener Daten durch den Online-Shop Diana Silver (im Folgenden: Verantwortlicher) bereitzustellen. Der Verantwortliche behandelt personenbezogene Daten vertraulich und verarbeitet diese in \u00dcbereinstimmung mit den geltenden europ\u00e4ischen und ungarischen Datenschutzvorschriften, insbesondere der Verordnung (EU) 2016\/679 (DSGVO). 2. Angaben zum Verantwortlichen Name des Verantwortlichen:&hellip;\" \/>\n<meta property=\"og:url\" content=\"https:\/\/dianasilver.com\/de\/datenschutzrichtlinie\/\" \/>\n<meta property=\"og:site_name\" content=\"Diana Silver\" \/>\n<meta property=\"article:publisher\" content=\"https:\/\/www.facebook.com\/profile.php?id=100027231325117\" \/>\n<meta property=\"article:modified_time\" content=\"2026-01-17T18:45:55+00:00\" \/>\n<meta name=\"twitter:card\" content=\"summary_large_image\" \/>\n<meta name=\"twitter:label1\" content=\"Gesch\u00e4tzte Lesezeit\" \/>\n\t<meta name=\"twitter:data1\" content=\"3\u00a0Minute\" \/>\n<script type=\"application\/ld+json\" class=\"yoast-schema-graph\">{\"@context\":\"https:\\\/\\\/schema.org\",\"@graph\":[{\"@type\":\"WebPage\",\"@id\":\"https:\\\/\\\/dianasilver.com\\\/de\\\/datenschutzrichtlinie\\\/\",\"url\":\"https:\\\/\\\/dianasilver.com\\\/de\\\/datenschutzrichtlinie\\\/\",\"name\":\"Datenschutzrichtlinie | Diana Silver\",\"isPartOf\":{\"@id\":\"https:\\\/\\\/dianasilver.com\\\/de\\\/#website\"},\"datePublished\":\"2026-01-16T17:15:28+00:00\",\"dateModified\":\"2026-01-17T18:45:55+00:00\",\"breadcrumb\":{\"@id\":\"https:\\\/\\\/dianasilver.com\\\/de\\\/datenschutzrichtlinie\\\/#breadcrumb\"},\"inLanguage\":\"de\",\"potentialAction\":[{\"@type\":\"ReadAction\",\"target\":[\"https:\\\/\\\/dianasilver.com\\\/de\\\/datenschutzrichtlinie\\\/\"]}]},{\"@type\":\"BreadcrumbList\",\"@id\":\"https:\\\/\\\/dianasilver.com\\\/de\\\/datenschutzrichtlinie\\\/#breadcrumb\",\"itemListElement\":[{\"@type\":\"ListItem\",\"position\":1,\"name\":\"Kezd\u0151lap\",\"item\":\"https:\\\/\\\/dianasilver.com\\\/de\\\/diana-silver-silberschmuck-webshop\\\/\"},{\"@type\":\"ListItem\",\"position\":2,\"name\":\"Datenschutzrichtlinie\"}]},{\"@type\":\"WebSite\",\"@id\":\"https:\\\/\\\/dianasilver.com\\\/de\\\/#website\",\"url\":\"https:\\\/\\\/dianasilver.com\\\/de\\\/\",\"name\":\"Diana Silver\",\"description\":\"Tedd t\u00f6k\u00e9letesebb\u00e9 mindennapjaid a Diana Silver \u00e9kszereivel.\",\"publisher\":{\"@id\":\"https:\\\/\\\/dianasilver.com\\\/de\\\/#organization\"},\"alternateName\":\"Ez\u00fcst \u00c9kszer Web\u00e1ruh\u00e1z\",\"potentialAction\":[{\"@type\":\"SearchAction\",\"target\":{\"@type\":\"EntryPoint\",\"urlTemplate\":\"https:\\\/\\\/dianasilver.com\\\/de\\\/?s={search_term_string}\"},\"query-input\":{\"@type\":\"PropertyValueSpecification\",\"valueRequired\":true,\"valueName\":\"search_term_string\"}}],\"inLanguage\":\"de\"},{\"@type\":\"Organization\",\"@id\":\"https:\\\/\\\/dianasilver.com\\\/de\\\/#organization\",\"name\":\"Diana Silver\",\"url\":\"https:\\\/\\\/dianasilver.com\\\/de\\\/\",\"logo\":{\"@type\":\"ImageObject\",\"inLanguage\":\"de\",\"@id\":\"https:\\\/\\\/dianasilver.com\\\/de\\\/#\\\/schema\\\/logo\\\/image\\\/\",\"url\":\"https:\\\/\\\/dianasilver.com\\\/wp-content\\\/uploads\\\/2022\\\/08\\\/ezust-feher-1-koves-buttonos-stekkeres-fulbevalo-42.webp\",\"contentUrl\":\"https:\\\/\\\/dianasilver.com\\\/wp-content\\\/uploads\\\/2022\\\/08\\\/ezust-feher-1-koves-buttonos-stekkeres-fulbevalo-42.webp\",\"width\":300,\"height\":154,\"caption\":\"Diana Silver\"},\"image\":{\"@id\":\"https:\\\/\\\/dianasilver.com\\\/de\\\/#\\\/schema\\\/logo\\\/image\\\/\"},\"sameAs\":[\"https:\\\/\\\/www.facebook.com\\\/profile.php?id=100027231325117\"]}]}<\/script>\n<!-- \/ Yoast SEO plugin. -->","yoast_head_json":{"title":"Datenschutzrichtlinie | Diana Silver","robots":{"index":"noindex","follow":"nofollow"},"og_locale":"de_DE","og_type":"article","og_title":"Datenschutzrichtlinie | Diana Silver","og_description":"DATENSCHUTZERKL\u00c4RUNG 1. Einleitung Zweck dieser Datenschutzerkl\u00e4rung ist es, umfassende Informationen \u00fcber die Verarbeitung personenbezogener Daten durch den Online-Shop Diana Silver (im Folgenden: Verantwortlicher) bereitzustellen. Der Verantwortliche behandelt personenbezogene Daten vertraulich und verarbeitet diese in \u00dcbereinstimmung mit den geltenden europ\u00e4ischen und ungarischen Datenschutzvorschriften, insbesondere der Verordnung (EU) 2016\/679 (DSGVO). 2. Angaben zum Verantwortlichen Name des Verantwortlichen:&hellip;","og_url":"https:\/\/dianasilver.com\/de\/datenschutzrichtlinie\/","og_site_name":"Diana Silver","article_publisher":"https:\/\/www.facebook.com\/profile.php?id=100027231325117","article_modified_time":"2026-01-17T18:45:55+00:00","twitter_card":"summary_large_image","twitter_misc":{"Gesch\u00e4tzte Lesezeit":"3\u00a0Minute"},"schema":{"@context":"https:\/\/schema.org","@graph":[{"@type":"WebPage","@id":"https:\/\/dianasilver.com\/de\/datenschutzrichtlinie\/","url":"https:\/\/dianasilver.com\/de\/datenschutzrichtlinie\/","name":"Datenschutzrichtlinie | Diana Silver","isPartOf":{"@id":"https:\/\/dianasilver.com\/de\/#website"},"datePublished":"2026-01-16T17:15:28+00:00","dateModified":"2026-01-17T18:45:55+00:00","breadcrumb":{"@id":"https:\/\/dianasilver.com\/de\/datenschutzrichtlinie\/#breadcrumb"},"inLanguage":"de","potentialAction":[{"@type":"ReadAction","target":["https:\/\/dianasilver.com\/de\/datenschutzrichtlinie\/"]}]},{"@type":"BreadcrumbList","@id":"https:\/\/dianasilver.com\/de\/datenschutzrichtlinie\/#breadcrumb","itemListElement":[{"@type":"ListItem","position":1,"name":"Kezd\u0151lap","item":"https:\/\/dianasilver.com\/de\/diana-silver-silberschmuck-webshop\/"},{"@type":"ListItem","position":2,"name":"Datenschutzrichtlinie"}]},{"@type":"WebSite","@id":"https:\/\/dianasilver.com\/de\/#website","url":"https:\/\/dianasilver.com\/de\/","name":"Diana Silver","description":"Tedd t\u00f6k\u00e9letesebb\u00e9 mindennapjaid a Diana Silver \u00e9kszereivel.","publisher":{"@id":"https:\/\/dianasilver.com\/de\/#organization"},"alternateName":"Ez\u00fcst \u00c9kszer Web\u00e1ruh\u00e1z","potentialAction":[{"@type":"SearchAction","target":{"@type":"EntryPoint","urlTemplate":"https:\/\/dianasilver.com\/de\/?s={search_term_string}"},"query-input":{"@type":"PropertyValueSpecification","valueRequired":true,"valueName":"search_term_string"}}],"inLanguage":"de"},{"@type":"Organization","@id":"https:\/\/dianasilver.com\/de\/#organization","name":"Diana Silver","url":"https:\/\/dianasilver.com\/de\/","logo":{"@type":"ImageObject","inLanguage":"de","@id":"https:\/\/dianasilver.com\/de\/#\/schema\/logo\/image\/","url":"https:\/\/dianasilver.com\/wp-content\/uploads\/2022\/08\/ezust-feher-1-koves-buttonos-stekkeres-fulbevalo-42.webp","contentUrl":"https:\/\/dianasilver.com\/wp-content\/uploads\/2022\/08\/ezust-feher-1-koves-buttonos-stekkeres-fulbevalo-42.webp","width":300,"height":154,"caption":"Diana Silver"},"image":{"@id":"https:\/\/dianasilver.com\/de\/#\/schema\/logo\/image\/"},"sameAs":["https:\/\/www.facebook.com\/profile.php?id=100027231325117"]}]}},"_links":{"self":[{"href":"https:\/\/dianasilver.com\/de\/wp-json\/wp\/v2\/pages\/119455","targetHints":{"allow":["GET"]}}],"collection":[{"href":"https:\/\/dianasilver.com\/de\/wp-json\/wp\/v2\/pages"}],"about":[{"href":"https:\/\/dianasilver.com\/de\/wp-json\/wp\/v2\/types\/page"}],"author":[{"embeddable":true,"href":"https:\/\/dianasilver.com\/de\/wp-json\/wp\/v2\/users\/74"}],"replies":[{"embeddable":true,"href":"https:\/\/dianasilver.com\/de\/wp-json\/wp\/v2\/comments?post=119455"}],"version-history":[{"count":0,"href":"https:\/\/dianasilver.com\/de\/wp-json\/wp\/v2\/pages\/119455\/revisions"}],"wp:attachment":[{"href":"https:\/\/dianasilver.com\/de\/wp-json\/wp\/v2\/media?parent=119455"}],"curies":[{"name":"wp","href":"https:\/\/api.w.org\/{rel}","templated":true}]}}